{"id":6737,"date":"2025-02-24T15:51:30","date_gmt":"2025-02-24T20:51:30","guid":{"rendered":"https:\/\/equiperivet.aliquando.net\/video-segments\/"},"modified":"2025-04-15T14:11:31","modified_gmt":"2025-04-15T18:11:31","slug":"video-segments","status":"publish","type":"page","link":"https:\/\/equiperivet.com\/en\/video-segments\/","title":{"rendered":"Video Segments"},"content":{"rendered":"\t\t<div data-elementor-type=\"wp-page\" data-elementor-id=\"6737\" class=\"elementor elementor-6737 elementor-3187\" data-elementor-post-type=\"page\">\n\t\t\t\t<section class=\"elementor-element elementor-element-f6958da e-flex e-con-boxed e-con e-parent\" data-id=\"f6958da\" data-element_type=\"container\">\n\t\t\t\t\t<div class=\"e-con-inner\">\n\t\t\t\t<div class=\"elementor-element elementor-element-ffc2960 elementor-widget__width-inherit elementor-widget-divider--view-line elementor-widget elementor-widget-divider\" data-id=\"ffc2960\" data-element_type=\"widget\" data-widget_type=\"divider.default\">\n\t\t\t\t<div class=\"elementor-widget-container\">\n\t\t\t\t\t\t\t<div class=\"elementor-divider\">\n\t\t\t<span class=\"elementor-divider-separator\">\n\t\t\t\t\t\t<\/span>\n\t\t<\/div>\n\t\t\t\t\t\t<\/div>\n\t\t\t\t<\/div>\n\t\t\t\t<div class=\"elementor-element elementor-element-9d5657b equipeRivet__title--border elementor-invisible elementor-widget elementor-widget-heading\" data-id=\"9d5657b\" data-element_type=\"widget\" data-settings=\"{&quot;_animation&quot;:&quot;fadeInUp&quot;}\" data-widget_type=\"heading.default\">\n\t\t\t\t<div class=\"elementor-widget-container\">\n\t\t\t\t\t<h2 class=\"elementor-heading-title elementor-size-default\">Video Segments<\/h2>\t\t\t\t<\/div>\n\t\t\t\t<\/div>\n\t\t\t\t<div class=\"elementor-element elementor-element-6742441 equipeRivet__video--liste elementor-widget__width-initial elementor-widget elementor-widget-shortcode\" data-id=\"6742441\" data-element_type=\"widget\" data-widget_type=\"shortcode.default\">\n\t\t\t\t<div class=\"elementor-widget-container\">\n\t\t\t\t\t\t\t<div class=\"elementor-shortcode\"><aliquando-youtube-playlist class=\"ali-youtube-playlist \" mode=\"grid\"><div class=\"ali-youtube-playlist-container\">\n    <div class=\"ali-youtube-playlist\">\n\n        \n<div class=\"ali-youtube-list-item\"\n    data-video_id=\"hKyAO-9RlvA\">\n    <div class=\"ali-image-container\">\n        <img decoding=\"async\" src=\"https:\/\/i.ytimg.com\/vi\/hKyAO-9RlvA\/sddefault.jpg\" alt=\"\">\n        \n    <\/div>\n    <div class=\"ali-item-info\">\n\n        <div class=\"ali-item-title\">V2   L'importance de la photo de proprie\ufffdCC\ufffd81te\ufffdCC\ufffd81 MAINTENANT   pour vendre cet automne ou hiver<\/div>\n        <div class=\"ali-item-date\">14-04-2025<\/div>\n        <div class=\"ali-item-description\"><\/div>\n        \n    <\/div>\n\n    <div class=\"ali-item-actions\">\n            <id3-button type=\"normal\">Watch now<\/ls><\/id3-button>\n        <\/div>\n<\/div>\n\n<div class=\"ali-youtube-list-item\"\n    data-video_id=\"vWSHetjChlg\">\n    <div class=\"ali-image-container\">\n        <img decoding=\"async\" src=\"https:\/\/i.ytimg.com\/vi\/vWSHetjChlg\/sddefault.jpg\" alt=\"\">\n        \n    <\/div>\n    <div class=\"ali-item-info\">\n\n        <div class=\"ali-item-title\">V1 2   IMPACT DU TAUX   EQUIPE RIVET 2<\/div>\n        <div class=\"ali-item-date\">14-04-2025<\/div>\n        <div class=\"ali-item-description\"><\/div>\n        \n    <\/div>\n\n    <div class=\"ali-item-actions\">\n            <id3-button type=\"normal\">Watch now<\/ls><\/id3-button>\n        <\/div>\n<\/div>\n\n<div class=\"ali-youtube-list-item\"\n    data-video_id=\"g1HkgtHKYXM\">\n    <div class=\"ali-image-container\">\n        <img decoding=\"async\" src=\"https:\/\/i.ytimg.com\/vi\/g1HkgtHKYXM\/sddefault.jpg\" alt=\"\">\n        \n    <\/div>\n    <div class=\"ali-item-info\">\n\n        <div class=\"ali-item-title\">He\u0301le\u0300ne et Serge   310 Northcote, Roseme\u0300re IG REEL<\/div>\n        <div class=\"ali-item-date\">14-04-2025<\/div>\n        <div class=\"ali-item-description\"><\/div>\n        \n    <\/div>\n\n    <div class=\"ali-item-actions\">\n            <id3-button type=\"normal\">Watch now<\/ls><\/id3-button>\n        <\/div>\n<\/div>\n\n<div class=\"ali-youtube-list-item\"\n    data-video_id=\"vzFQSLwH2G0\">\n    <div class=\"ali-image-container\">\n        <img decoding=\"async\" src=\"https:\/\/i.ytimg.com\/vi\/vzFQSLwH2G0\/sddefault.jpg\" alt=\"\">\n        \n    <\/div>\n    <div class=\"ali-item-info\">\n\n        <div class=\"ali-item-title\">CC V1   Le marais Miller Roseme  Histoire<\/div>\n        <div class=\"ali-item-date\">14-04-2025<\/div>\n        <div class=\"ali-item-description\"><\/div>\n        \n    <\/div>\n\n    <div class=\"ali-item-actions\">\n            <id3-button type=\"normal\">Watch now<\/ls><\/id3-button>\n        <\/div>\n<\/div>\n\n<div class=\"ali-youtube-list-item\"\n    data-video_id=\"giNddJqpIco\">\n    <div class=\"ali-image-container\">\n        <img decoding=\"async\" src=\"https:\/\/i.ytimg.com\/vi\/giNddJqpIco\/sddefault.jpg\" alt=\"\">\n        \n    <\/div>\n    <div class=\"ali-item-info\">\n\n        <div class=\"ali-item-title\">V2   Quizz de noel EquipeRivet<\/div>\n        <div class=\"ali-item-date\">14-04-2025<\/div>\n        <div class=\"ali-item-description\"><\/div>\n        \n    <\/div>\n\n    <div class=\"ali-item-actions\">\n            <id3-button type=\"normal\">Watch now<\/ls><\/id3-button>\n        <\/div>\n<\/div>\n\n<div class=\"ali-youtube-list-item\"\n    data-video_id=\"4Ouqg_2xDbc\">\n    <div class=\"ali-image-container\">\n        <img decoding=\"async\" src=\"https:\/\/i.ytimg.com\/vi\/4Ouqg_2xDbc\/sddefault.jpg\" alt=\"\">\n        \n    <\/div>\n    <div class=\"ali-item-info\">\n\n        <div class=\"ali-item-title\">V1   Cafe et muffins Gare de train 2024   Equipe Rivet<\/div>\n        <div class=\"ali-item-date\">14-04-2025<\/div>\n        <div class=\"ali-item-description\"><\/div>\n        \n    <\/div>\n\n    <div class=\"ali-item-actions\">\n            <id3-button type=\"normal\">Watch now<\/ls><\/id3-button>\n        <\/div>\n<\/div>\n\n<div class=\"ali-youtube-list-item\"\n    data-video_id=\"cl3zyVvfDnI\">\n    <div class=\"ali-image-container\">\n        <img decoding=\"async\" src=\"https:\/\/i.ytimg.com\/vi\/cl3zyVvfDnI\/sddefault.jpg\" alt=\"\">\n        \n    <\/div>\n    <div class=\"ali-item-info\">\n\n        <div class=\"ali-item-title\">V1   Bonne anne2025   Equipe Rivet<\/div>\n        <div class=\"ali-item-date\">14-04-2025<\/div>\n        <div class=\"ali-item-description\"><\/div>\n        \n    <\/div>\n\n    <div class=\"ali-item-actions\">\n            <id3-button type=\"normal\">Watch now<\/ls><\/id3-button>\n        <\/div>\n<\/div>\n\n<div class=\"ali-youtube-list-item\"\n    data-video_id=\"kWi0Klf9nlk\">\n    <div class=\"ali-image-container\">\n        <img decoding=\"async\" src=\"https:\/\/i.ytimg.com\/vi\/kWi0Klf9nlk\/sddefault.jpg\" alt=\"\">\n        \n    <\/div>\n    <div class=\"ali-item-info\">\n\n        <div class=\"ali-item-title\">V1   Avant   pendant party de Noel  Equipe Rivet<\/div>\n        <div class=\"ali-item-date\">14-04-2025<\/div>\n        <div class=\"ali-item-description\"><\/div>\n        \n    <\/div>\n\n    <div class=\"ali-item-actions\">\n            <id3-button type=\"normal\">Watch now<\/ls><\/id3-button>\n        <\/div>\n<\/div>\n\n<div class=\"ali-youtube-list-item\"\n    data-video_id=\"yccQmRyxImU\">\n    <div class=\"ali-image-container\">\n        <img decoding=\"async\" src=\"https:\/\/i.ytimg.com\/vi\/yccQmRyxImU\/sddefault.jpg\" alt=\"\">\n        \n    <\/div>\n    <div class=\"ali-item-info\">\n\n        <div class=\"ali-item-title\">Prendre son envol avec l'\u00c9quipe Rivet !<\/div>\n        <div class=\"ali-item-date\">21-03-2025<\/div>\n        <div class=\"ali-item-description\">Nouveau logo !<\/div>\n        \n    <\/div>\n\n    <div class=\"ali-item-actions\">\n            <id3-button type=\"normal\">Watch now<\/ls><\/id3-button>\n        <\/div>\n<\/div>\n\n<div class=\"ali-youtube-list-item\"\n    data-video_id=\"-iX60M_39FQ\">\n    <div class=\"ali-image-container\">\n        <img decoding=\"async\" src=\"https:\/\/i.ytimg.com\/vi\/-iX60M_39FQ\/sddefault.jpg\" alt=\"\">\n        \n    <\/div>\n    <div class=\"ali-item-info\">\n\n        <div class=\"ali-item-title\">Capsule de Serge sur les zones inondables  #realestateagenttips#equiperivet<\/div>\n        <div class=\"ali-item-date\">21-03-2025<\/div>\n        <div class=\"ali-item-description\">Petite capsule de Serge sur les zones inondables.<\/div>\n        \n    <\/div>\n\n    <div class=\"ali-item-actions\">\n            <id3-button type=\"normal\">Watch now<\/ls><\/id3-button>\n        <\/div>\n<\/div>\n\n<div class=\"ali-youtube-list-item\"\n    data-video_id=\"vxbE1auMDSw\">\n    <div class=\"ali-image-container\">\n        <img decoding=\"async\" src=\"https:\/\/i.ytimg.com\/vi\/vxbE1auMDSw\/sddefault.jpg\" alt=\"\">\n        \n    <\/div>\n    <div class=\"ali-item-info\">\n\n        <div class=\"ali-item-title\">370 Pineridge, Rosem\u00e8re<\/div>\n        <div class=\"ali-item-date\">11-03-2025<\/div>\n        <div class=\"ali-item-description\">\u00c0 d\u00e9couvrir : le 370 rue Pineridge, Rosem\u00e8re !\n\nCette magnifique maison cl\u00e9 en main vous offre tout ce que vous recherchez :\n\n\u2714\ufe0f Terrain spacieux de plus de 15 000pc, aucuns voisins \u00e0 l\u2019arri\u00e8re \n\u2714\ufe0fEmplacement id\u00e9al \n\u2714\ufe0f3 chambres \u00e0 coucher \n\u2714\ufe0f3 salles de bain \n\u2714\ufe0fgarage double \n\u2714\ufe0fenti\u00e8rement r\u00e9nov\u00e9e \n\nMLS 20725234\n\nIl vous suffit d\u2019une visite pour tomber sous le charme de ce havre de paix. \n\n\ud83d\udcdeContacter nous pour planifier une visite (450)970-2200 ou remax@heleneetserge.com<\/div>\n        \n    <\/div>\n\n    <div class=\"ali-item-actions\">\n            <id3-button type=\"normal\">Watch now<\/ls><\/id3-button>\n        <\/div>\n<\/div>\n\n<div class=\"ali-youtube-list-item\"\n    data-video_id=\"zVgYy1DkSb4\">\n    <div class=\"ali-image-container\">\n        <img decoding=\"async\" src=\"https:\/\/i.ytimg.com\/vi\/zVgYy1DkSb4\/sddefault.jpg\" alt=\"\">\n        \n    <\/div>\n    <div class=\"ali-item-info\">\n\n        <div class=\"ali-item-title\">370 Pineridge, Rosem\u00e8re<\/div>\n        <div class=\"ali-item-date\">11-03-2025<\/div>\n        <div class=\"ali-item-description\">\u00c0 d\u00e9couvrir : le 370 rue Pineridge, Rosem\u00e8re !\n\nCette magnifique maison cl\u00e9 en main vous offre tout ce que vous recherchez :\n\n\u2714\ufe0f Terrain spacieux de plus de 15 000pc, aucuns voisins \u00e0 l\u2019arri\u00e8re \n\u2714\ufe0fEmplacement id\u00e9al \n\u2714\ufe0f3 chambres \u00e0 coucher \n\u2714\ufe0f3 salles de bain \n\u2714\ufe0fgarage double \n\u2714\ufe0fenti\u00e8rement r\u00e9nov\u00e9e \n\nMLS 20725234\n\nIl vous suffit d\u2019une visite pour tomber sous le charme de ce havre de paix. \n\n\ud83d\udcdeContacter nous pour planifier une visite (450)970-2200 ou remax@heleneetserge.com<\/div>\n        \n    <\/div>\n\n    <div class=\"ali-item-actions\">\n            <id3-button type=\"normal\">Watch now<\/ls><\/id3-button>\n        <\/div>\n<\/div>\n\n    <\/div>\n<\/div><\/aliquando-youtube-playlist><\/div>\n\t\t\t\t\t\t<\/div>\n\t\t\t\t<\/div>\n\t\t\t\t\t<\/div>\n\t\t\t\t<\/section>\n\t\t\t\t<\/div>\n\t\t","protected":false},"excerpt":{"rendered":"","protected":false},"author":18,"featured_media":0,"parent":0,"menu_order":0,"comment_status":"closed","ping_status":"closed","template":"","meta":{"_acf_changed":false,"footnotes":""},"class_list":["post-6737","page","type-page","status-publish","hentry"],"acf":[],"yoast_head":"<!-- This site is optimized with the Yoast SEO plugin v26.8 - https:\/\/yoast.com\/product\/yoast-seo-wordpress\/ -->\n<title>Video Segments - \u00c9quipe Rivet<\/title>\n<meta name=\"robots\" content=\"index, follow, max-snippet:-1, max-image-preview:large, max-video-preview:-1\" \/>\n<link rel=\"canonical\" href=\"https:\/\/equiperivet.com\/en\/video-segments\/\" \/>\n<meta property=\"og:locale\" content=\"en_US\" \/>\n<meta property=\"og:type\" content=\"article\" \/>\n<meta property=\"og:title\" content=\"Video Segments - \u00c9quipe Rivet\" \/>\n<meta property=\"og:url\" content=\"https:\/\/equiperivet.com\/en\/video-segments\/\" \/>\n<meta property=\"og:site_name\" content=\"\u00c9quipe Rivet\" \/>\n<meta property=\"article:modified_time\" content=\"2025-04-15T18:11:31+00:00\" \/>\n<meta property=\"og:image\" content=\"https:\/\/equiperivet.com\/wp-content\/uploads\/sites\/88\/2025\/08\/Equipe-Rivet_Partage-1.png\" \/>\n\t<meta property=\"og:image:width\" content=\"835\" \/>\n\t<meta property=\"og:image:height\" content=\"834\" \/>\n\t<meta property=\"og:image:type\" content=\"image\/png\" \/>\n<meta name=\"twitter:card\" content=\"summary_large_image\" \/>\n<script type=\"application\/ld+json\" class=\"yoast-schema-graph\">{\"@context\":\"https:\/\/schema.org\",\"@graph\":[{\"@type\":\"WebPage\",\"@id\":\"https:\/\/equiperivet.com\/en\/video-segments\/\",\"url\":\"https:\/\/equiperivet.com\/en\/video-segments\/\",\"name\":\"Video Segments - \u00c9quipe Rivet\",\"isPartOf\":{\"@id\":\"https:\/\/equiperivet.com\/en\/#website\"},\"datePublished\":\"2025-02-24T20:51:30+00:00\",\"dateModified\":\"2025-04-15T18:11:31+00:00\",\"breadcrumb\":{\"@id\":\"https:\/\/equiperivet.com\/en\/video-segments\/#breadcrumb\"},\"inLanguage\":\"en-US\",\"potentialAction\":[{\"@type\":\"ReadAction\",\"target\":[\"https:\/\/equiperivet.com\/en\/video-segments\/\"]}]},{\"@type\":\"BreadcrumbList\",\"@id\":\"https:\/\/equiperivet.com\/en\/video-segments\/#breadcrumb\",\"itemListElement\":[{\"@type\":\"ListItem\",\"position\":1,\"name\":\"Accueil\",\"item\":\"https:\/\/equiperivet.com\/en\/home\/\"},{\"@type\":\"ListItem\",\"position\":2,\"name\":\"Video Segments\"}]},{\"@type\":\"WebSite\",\"@id\":\"https:\/\/equiperivet.com\/en\/#website\",\"url\":\"https:\/\/equiperivet.com\/en\/\",\"name\":\"\u00c9quipe Rivet\",\"description\":\"Passion et expertise au service de vos projets immobiliers\",\"publisher\":{\"@id\":\"https:\/\/equiperivet.com\/en\/#organization\"},\"potentialAction\":[{\"@type\":\"SearchAction\",\"target\":{\"@type\":\"EntryPoint\",\"urlTemplate\":\"https:\/\/equiperivet.com\/en\/?s={search_term_string}\"},\"query-input\":{\"@type\":\"PropertyValueSpecification\",\"valueRequired\":true,\"valueName\":\"search_term_string\"}}],\"inLanguage\":\"en-US\"},{\"@type\":\"Organization\",\"@id\":\"https:\/\/equiperivet.com\/en\/#organization\",\"name\":\"\u00c9quipe Rivet\",\"url\":\"https:\/\/equiperivet.com\/en\/\",\"logo\":{\"@type\":\"ImageObject\",\"inLanguage\":\"en-US\",\"@id\":\"https:\/\/equiperivet.com\/en\/#\/schema\/logo\/image\/\",\"url\":\"https:\/\/equiperivet.com\/wp-content\/uploads\/sites\/88\/2024\/11\/EquipeRivet_logo.svg\",\"contentUrl\":\"https:\/\/equiperivet.com\/wp-content\/uploads\/sites\/88\/2024\/11\/EquipeRivet_logo.svg\",\"width\":457,\"height\":165,\"caption\":\"\u00c9quipe Rivet\"},\"image\":{\"@id\":\"https:\/\/equiperivet.com\/en\/#\/schema\/logo\/image\/\"}}]}<\/script>\n<!-- \/ Yoast SEO plugin. -->","yoast_head_json":{"title":"Video Segments - \u00c9quipe Rivet","robots":{"index":"index","follow":"follow","max-snippet":"max-snippet:-1","max-image-preview":"max-image-preview:large","max-video-preview":"max-video-preview:-1"},"canonical":"https:\/\/equiperivet.com\/en\/video-segments\/","og_locale":"en_US","og_type":"article","og_title":"Video Segments - \u00c9quipe Rivet","og_url":"https:\/\/equiperivet.com\/en\/video-segments\/","og_site_name":"\u00c9quipe Rivet","article_modified_time":"2025-04-15T18:11:31+00:00","og_image":[{"width":835,"height":834,"url":"https:\/\/equiperivet.com\/wp-content\/uploads\/sites\/88\/2025\/08\/Equipe-Rivet_Partage-1.png","type":"image\/png"}],"twitter_card":"summary_large_image","schema":{"@context":"https:\/\/schema.org","@graph":[{"@type":"WebPage","@id":"https:\/\/equiperivet.com\/en\/video-segments\/","url":"https:\/\/equiperivet.com\/en\/video-segments\/","name":"Video Segments - \u00c9quipe Rivet","isPartOf":{"@id":"https:\/\/equiperivet.com\/en\/#website"},"datePublished":"2025-02-24T20:51:30+00:00","dateModified":"2025-04-15T18:11:31+00:00","breadcrumb":{"@id":"https:\/\/equiperivet.com\/en\/video-segments\/#breadcrumb"},"inLanguage":"en-US","potentialAction":[{"@type":"ReadAction","target":["https:\/\/equiperivet.com\/en\/video-segments\/"]}]},{"@type":"BreadcrumbList","@id":"https:\/\/equiperivet.com\/en\/video-segments\/#breadcrumb","itemListElement":[{"@type":"ListItem","position":1,"name":"Accueil","item":"https:\/\/equiperivet.com\/en\/home\/"},{"@type":"ListItem","position":2,"name":"Video Segments"}]},{"@type":"WebSite","@id":"https:\/\/equiperivet.com\/en\/#website","url":"https:\/\/equiperivet.com\/en\/","name":"\u00c9quipe Rivet","description":"Passion et expertise au service de vos projets immobiliers","publisher":{"@id":"https:\/\/equiperivet.com\/en\/#organization"},"potentialAction":[{"@type":"SearchAction","target":{"@type":"EntryPoint","urlTemplate":"https:\/\/equiperivet.com\/en\/?s={search_term_string}"},"query-input":{"@type":"PropertyValueSpecification","valueRequired":true,"valueName":"search_term_string"}}],"inLanguage":"en-US"},{"@type":"Organization","@id":"https:\/\/equiperivet.com\/en\/#organization","name":"\u00c9quipe Rivet","url":"https:\/\/equiperivet.com\/en\/","logo":{"@type":"ImageObject","inLanguage":"en-US","@id":"https:\/\/equiperivet.com\/en\/#\/schema\/logo\/image\/","url":"https:\/\/equiperivet.com\/wp-content\/uploads\/sites\/88\/2024\/11\/EquipeRivet_logo.svg","contentUrl":"https:\/\/equiperivet.com\/wp-content\/uploads\/sites\/88\/2024\/11\/EquipeRivet_logo.svg","width":457,"height":165,"caption":"\u00c9quipe Rivet"},"image":{"@id":"https:\/\/equiperivet.com\/en\/#\/schema\/logo\/image\/"}}]}},"_links":{"self":[{"href":"https:\/\/equiperivet.com\/en\/wp-json\/wp\/v2\/pages\/6737","targetHints":{"allow":["GET"]}}],"collection":[{"href":"https:\/\/equiperivet.com\/en\/wp-json\/wp\/v2\/pages"}],"about":[{"href":"https:\/\/equiperivet.com\/en\/wp-json\/wp\/v2\/types\/page"}],"author":[{"embeddable":true,"href":"https:\/\/equiperivet.com\/en\/wp-json\/wp\/v2\/users\/18"}],"replies":[{"embeddable":true,"href":"https:\/\/equiperivet.com\/en\/wp-json\/wp\/v2\/comments?post=6737"}],"version-history":[{"count":1,"href":"https:\/\/equiperivet.com\/en\/wp-json\/wp\/v2\/pages\/6737\/revisions"}],"predecessor-version":[{"id":6740,"href":"https:\/\/equiperivet.com\/en\/wp-json\/wp\/v2\/pages\/6737\/revisions\/6740"}],"wp:attachment":[{"href":"https:\/\/equiperivet.com\/en\/wp-json\/wp\/v2\/media?parent=6737"}],"curies":[{"name":"wp","href":"https:\/\/api.w.org\/{rel}","templated":true}]}}